{"id":2,"date":"2010-09-07T00:07:36","date_gmt":"2010-09-07T00:07:36","guid":{"rendered":"http:\/\/radames.manosso.nom.br\/ambiental\/?page_id=2"},"modified":"2010-09-07T17:48:57","modified_gmt":"2010-09-07T20:48:57","slug":"sobre","status":"publish","type":"page","link":"https:\/\/radames.manosso.nom.br\/ambiental\/sobre\/","title":{"rendered":"Sobre"},"content":{"rendered":"<p>Este site pretende tratar da quest\u00e3o ambiental de forma positiva e pr\u00e1tica, focando nas a\u00e7\u00f5es do indiv\u00edduo em seu cotidiano que possam reduzir o impacto ambiental de cada um. A prote\u00e7\u00e3o do meio ambiente \u00e9 uma tarefa de todos e de cada um. Neste site, nossa ideia \u00e9 abordar o que pode ser feito na esfera do indiv\u00edduo.<\/p>\n","protected":false},"excerpt":{"rendered":"<p>Este site pretende tratar da quest\u00e3o ambiental de forma positiva e pr\u00e1tica, focando nas a\u00e7\u00f5es do indiv\u00edduo em seu cotidiano que possam reduzir o impacto ambiental de cada um. A prote\u00e7\u00e3o do meio ambiente \u00e9 uma tarefa de todos e de cada um. Neste site, nossa ideia \u00e9 abordar o que pode ser feito na &hellip; <a href=\"https:\/\/radames.manosso.nom.br\/ambiental\/sobre\/\" class=\"more-link\">Continue lendo <span class=\"screen-reader-text\">Sobre<\/span> <span class=\"meta-nav\">&rarr;<\/span><\/a><\/p>\n","protected":false},"author":1,"featured_media":0,"parent":0,"menu_order":0,"comment_status":"open","ping_status":"closed","template":"","meta":{"jetpack_post_was_ever_published":false,"footnotes":""},"class_list":["post-2","page","type-page","status-publish","hentry"],"jetpack_sharing_enabled":true,"jetpack_shortlink":"https:\/\/wp.me\/P13UHu-2","jetpack-related-posts":[{"id":36,"url":"https:\/\/radames.manosso.nom.br\/ambiental\/","url_meta":{"origin":2,"position":0},"title":"ambiente . mapa","author":"Radam\u00e9s","date":"09\/07\/2010","format":false,"excerpt":"Aqui est\u00e3o as postagens da \u00e1rea de meio ambiente organizadas por temas.","rel":"","context":"Post similar","block_context":{"text":"Post similar","link":""},"img":{"alt_text":"","src":"https:\/\/i0.wp.com\/radames.manosso.nom.br\/ambiental\/files\/sustentabilidade.jpg?resize=350%2C200","width":350,"height":200},"classes":[]},{"id":1595,"url":"https:\/\/radames.manosso.nom.br\/ambiental\/blog\/","url_meta":{"origin":2,"position":1},"title":"Blog","author":"Radam\u00e9s","date":"01\/18\/2021","format":false,"excerpt":"","rel":"","context":"Post similar","block_context":{"text":"Post similar","link":""},"img":{"alt_text":"","src":"","width":0,"height":0},"classes":[]}],"_links":{"self":[{"href":"https:\/\/radames.manosso.nom.br\/ambiental\/wp-json\/wp\/v2\/pages\/2","targetHints":{"allow":["GET"]}}],"collection":[{"href":"https:\/\/radames.manosso.nom.br\/ambiental\/wp-json\/wp\/v2\/pages"}],"about":[{"href":"https:\/\/radames.manosso.nom.br\/ambiental\/wp-json\/wp\/v2\/types\/page"}],"author":[{"embeddable":true,"href":"https:\/\/radames.manosso.nom.br\/ambiental\/wp-json\/wp\/v2\/users\/1"}],"replies":[{"embeddable":true,"href":"https:\/\/radames.manosso.nom.br\/ambiental\/wp-json\/wp\/v2\/comments?post=2"}],"version-history":[{"count":3,"href":"https:\/\/radames.manosso.nom.br\/ambiental\/wp-json\/wp\/v2\/pages\/2\/revisions"}],"predecessor-version":[{"id":24,"href":"https:\/\/radames.manosso.nom.br\/ambiental\/wp-json\/wp\/v2\/pages\/2\/revisions\/24"}],"wp:attachment":[{"href":"https:\/\/radames.manosso.nom.br\/ambiental\/wp-json\/wp\/v2\/media?parent=2"}],"curies":[{"name":"wp","href":"https:\/\/api.w.org\/{rel}","templated":true}]}}