{"id":36,"date":"2010-09-07T22:08:36","date_gmt":"2010-09-08T01:08:36","guid":{"rendered":"http:\/\/radames.manosso.nom.br\/ambiental\/"},"modified":"2025-10-08T12:12:03","modified_gmt":"2025-10-08T15:12:03","slug":"mapa","status":"publish","type":"page","link":"https:\/\/radames.manosso.nom.br\/ambiental\/","title":{"rendered":"ambiente . mapa"},"content":{"rendered":"\n<p>Aqui est\u00e3o as postagens da \u00e1rea de meio ambiente organizadas por temas.<\/p>\n\n\n\n<figure class=\"wp-block-image size-large\"><a href=\"https:\/\/i0.wp.com\/radames.manosso.nom.br\/ambiental\/files\/sustentabilidade.jpg?ssl=1\"><img data-recalc-dims=\"1\" loading=\"lazy\" decoding=\"async\" width=\"270\" height=\"350\" src=\"https:\/\/i0.wp.com\/radames.manosso.nom.br\/ambiental\/files\/sustentabilidade.jpg?resize=270%2C350&#038;ssl=1\" alt=\"\" class=\"wp-image-517\" srcset=\"https:\/\/i0.wp.com\/radames.manosso.nom.br\/ambiental\/files\/sustentabilidade.jpg?w=270&amp;ssl=1 270w, https:\/\/i0.wp.com\/radames.manosso.nom.br\/ambiental\/files\/sustentabilidade.jpg?resize=231%2C300&amp;ssl=1 231w, https:\/\/i0.wp.com\/radames.manosso.nom.br\/ambiental\/files\/sustentabilidade.jpg?resize=115%2C150&amp;ssl=1 115w\" sizes=\"auto, (max-width: 270px) 100vw, 270px\" \/><\/a><\/figure>\n\n\n\n<h3 class=\"wp-block-heading\">Ambientalismo de resultados<\/h3>\n\n\n\n<ul class=\"wp-block-list\">\n<li><a href=\"https:\/\/radames.manosso.nom.br\/ambiental\/comportamento\/principios-de-ambientalismo-de-resultados\/\">Princ\u00edpios de ambientalismo de resultados<\/a><\/li>\n\n\n\n<li><a href=\"https:\/\/radames.manosso.nom.br\/ambiental\/comportamento\/atitudes-ambientais-eficientes\/\">Atitudes ambientais eficientes<\/a><\/li>\n\n\n\n<li><a href=\"https:\/\/radames.manosso.nom.br\/ambiental\/comportamento\/os-cinco-niveis-da-consciencia-ambiental\/\">Os cinco n\u00edveis da consci\u00eancia ambiental<\/a><\/li>\n\n\n\n<li><a href=\"https:\/\/radames.manosso.nom.br\/ambiental\/comportamento\/ser-ecologico-ou-nao-eis-a-questa\">Ser ecol\u00f3gico ou n\u00e3o, eis a quest\u00e3o<\/a><\/li>\n\n\n\n<li><a href=\"https:\/\/radames.manosso.nom.br\/ambiental\/consumo\/mitos-ambientais\/\">Mitos ambientais<\/a><\/li>\n\n\n\n<li><a href=\"https:\/\/radames.manosso.nom.br\/ambiental\/comportamento\/ecologico-e\/\">Ecol\u00f3gico \u00e9 &#8230;<\/a><\/li>\n\n\n\n<li><a href=\"https:\/\/radames.manosso.nom.br\/ambiental\/ideias\/profissoes-de-futuro-verde\/\">Profiss\u00f5es de futuro verde<\/a><\/li>\n\n\n\n<li><a href=\"https:\/\/radames.manosso.nom.br\/ambiental\/energia\/qual-e-a-energia-mais-perigosa-petroleo-carvao-gas-ou-nuclear\/\">Qual \u00e9 a energia mais perigosa: petr\u00f3leo, carv\u00e3o, g\u00e1s ou nuclear?<\/a><\/li>\n\n\n\n<li><a href=\"https:\/\/radames.manosso.nom.br\/ambiental\/ideias\/antropoceno-o-periodo-em-que-o-homem-estragou-o-planeta\/\">Antropoceno: 10.000 anos de geoengenharia planet\u00e1ria<\/a><\/li>\n\n\n\n<li><a href=\"https:\/\/radames.manosso.nom.br\/ambiental\/transporte\/impacto-ambiental-do-transporte-de-pessoas\/\">Impacto ambiental do transporte de pessoas<\/a><\/li>\n\n\n\n<li><a href=\"https:\/\/radames.manosso.nom.br\/ambiental\/urbano\/adensamento-urbano\/\">Adensamento urbano<\/a><\/li>\n\n\n\n<li><a href=\"https:\/\/radames.manosso.nom.br\/ambiental\/para-comecar\/credito-ambiental\/\">Cr\u00e9dito ambiental<\/a><\/li>\n<\/ul>\n\n\n\n<h3 class=\"wp-block-heading\">Res\u00edduos<\/h3>\n\n\n\n<ul class=\"wp-block-list\"><li><a href=\"https:\/\/radames.manosso.nom.br\/ambiental\/residuos\/por-que-algumas-pessoas-nao-reciclam\/\">Por que algumas pessoas n\u00e3o reciclam?<\/a><\/li><li><a href=\"https:\/\/radames.manosso.nom.br\/ambiental\/residuos\/quantos-tipos-de-residuos-geramos-em-casa\/\">Quantos tipos de res\u00edduos geramos em casa<\/a><\/li><li><a href=\"https:\/\/radames.manosso.nom.br\/ambiental\/residuos\/o-fim-da-palavra-lixo\/\">O fim da palavra lixo<\/a><\/li><li><a href=\"https:\/\/radames.manosso.nom.br\/ambiental\/residuos\/lixo-que-vale-ouro\/\">Lixo que vale ouro<\/a><\/li><li><a href=\"https:\/\/radames.manosso.nom.br\/ambiental\/ideias\/quanto-vale-um-quilo-de-coco-de-cachorro\/\">Quanto vale um kg de coc\u00f4 de cachorro?<\/a><\/li><li><a href=\"https:\/\/radames.manosso.nom.br\/ambiental\/residuos\/coleta-seletiva-do-lixo\/\">Coleta seletiva do lixo<\/a><\/li><li><a href=\"https:\/\/radames.manosso.nom.br\/ambiental\/residuos\/lixo-organico\/\">Lixo org\u00e2nico \u2013 o que \u00e9 e como tratar<\/a><\/li><li><a href=\"https:\/\/radames.manosso.nom.br\/ambiental\/residuos\/reciclavel-e-nao-reciclavel\/\">Recicl\u00e1vel e n\u00e3o recicl\u00e1vel<\/a><\/li><li><a href=\"https:\/\/radames.manosso.nom.br\/ambiental\/residuos\/mitos-sobre-reciclagem\/\">Mitos sobre reciclagem<\/a><\/li><li><a href=\"https:\/\/radames.manosso.nom.br\/ambiental\/consumo\/impacto-ambiental-de-embalagens\/\">Impacto ambiental de embalagens<\/a><\/li><\/ul>\n\n\n\n<p>     <\/p>\n\n\n\n<h3 class=\"wp-block-heading\">Eco-tecno-casa<\/h3>\n\n\n\n<ul class=\"wp-block-list\"><li><a href=\"https:\/\/radames.manosso.nom.br\/ambiental\/habitacao\/mitos-sobre-casas-ecologicas\/\">Mitos sobre casas ecol\u00f3gicas<\/a><\/li><li><a href=\"https:\/\/radames.manosso.nom.br\/ambiental\/habitacao\/os-sistemas-da-casa-ecologica\/\">Os sistemas da casa ecol\u00f3gica<\/a><\/li><li><a href=\"https:\/\/radames.manosso.nom.br\/ambiental\/residuos\/a-casa-sem-esgoto\/\">A casa que n\u00e3o gera esgoto<\/a><\/li><li><a href=\"https:\/\/radames.manosso.nom.br\/ambiental\/consumo\/casa-autonoma-e-um-sonho-ecologico-possivel\/\">Casa aut\u00f4noma \u00e9 um sonho ecol\u00f3gico poss\u00edvel?<\/a><\/li><li><a href=\"https:\/\/radames.manosso.nom.br\/ambiental\/ideias\/como-reaproveitar-a-agua-da-lavadora-sem-levar-banho\/\">Como reaproveitar a \u00e1gua da lavadora sem levar banho<\/a><\/li><li><a href=\"https:\/\/radames.manosso.nom.br\/ambiental\/residuos\/esgoto-domestico\/\">Esgoto dom\u00e9stico<\/a><\/li><li><a href=\"https:\/\/radames.manosso.nom.br\/ambiental\/habitacao\/casa-ecologica\/\">Casa ecol\u00f3gica<\/a><\/li><li><a href=\"https:\/\/radames.manosso.nom.br\/ambiental\/agua\/captacao-de-agua-da-chuva\/\">Capta\u00e7\u00e3o de \u00e1gua da chuva<\/a><\/li><\/ul>\n\n\n\n<h3 class=\"wp-block-heading\">Eco-consumo<\/h3>\n\n\n\n<ul class=\"wp-block-list\">\n<li><a href=\"https:\/\/radames.manosso.nom.br\/ambiental\/consumo\/os-televisores-mais-economicos-do-brasil\/\">Os televisores mais econ\u00f4micos do Brasil<\/a><\/li>\n\n\n\n<li><a href=\"https:\/\/radames.manosso.nom.br\/ambiental\/comportamento\/as-lavadoras-de-roupa-mais-economicas-do-brasil\/\">As lavadoras de roupa mais econ\u00f4micas do Brasil<\/a><\/li>\n\n\n\n<li><a href=\"https:\/\/radames.manosso.nom.br\/ambiental\/consumo\/a-maquina-de-lavar-para-o-consumidor-ecologico\/\">A m\u00e1quina de lavar para o consumidor ecol\u00f3gico<\/a><\/li>\n\n\n\n<li><a href=\"https:\/\/radames.manosso.nom.br\/ambiental\/consumo\/os-refrigeradores-mais-economicos-do-brasil-2011\/\">Os refrigeradores mais econ\u00f4micos do Brasil<\/a><\/li>\n\n\n\n<li><a href=\"https:\/\/radames.manosso.nom.br\/ambiental\/consumo\/seja-ecologico-desligue-seu-computador\/\">Seja ecol\u00f3gico, desligue seu computador<\/a><\/li>\n\n\n\n<li><a href=\"https:\/\/radames.manosso.nom.br\/ambiental\/consumo\/a-evolucao-e-o-retrocesso-dos-refrigeradores\/\">A evolu\u00e7\u00e3o e o retrocesso dos refrigeradores<\/a><\/li>\n\n\n\n<li><a href=\"https:\/\/radames.manosso.nom.br\/ambiental\/consumo\/bombril-e-ecologico\/\">Bombril \u00e9 ecol\u00f3gico?<\/a><\/li>\n\n\n\n<li><a href=\"https:\/\/radames.manosso.nom.br\/ambiental\/consumo\/geladeiras-gratis-para-reduzir-o-aquecimento-global\/\">Geladeiras gr\u00e1tis para reduzir o aquecimento global<\/a><\/li>\n\n\n\n<li><a href=\"https:\/\/radames.manosso.nom.br\/ambiental\/transporte\/os-carros-mails-economicos-do-brasil-2010\/\">Os carros mais econ\u00f4micos do Brasil<\/a><\/li>\n\n\n\n<li><a href=\"https:\/\/radames.manosso.nom.br\/ambiental\/ideias\/carro-preto-e-ruim-para-o-meio-ambiente\/\">Carro preto \u00e9 ruim para o meio ambiente?<\/a><\/li>\n\n\n\n<li><a href=\"https:\/\/radames.manosso.nom.br\/ambiental\/residuos\/papel-higienico-um-assunto-enrolado\/\">Papel higi\u00eanico: um assunto enrolado<\/a><\/li>\n\n\n\n<li><a href=\"https:\/\/radames.manosso.nom.br\/ambiental\/energia\/viloes-do-consumo-de-energia-eletrica-em-casa\/\">Vil\u00f5es do consumo de energia el\u00e9trica em casa<\/a><\/li>\n\n\n\n<li><a href=\"https:\/\/radames.manosso.nom.br\/ambiental\/transporte\/etanol-alcool-combustivel\/\">Etanol &#8211; \u00e1lcool combust\u00edvel<\/a><\/li>\n\n\n\n<li><a href=\"https:\/\/radames.manosso.nom.br\/ambiental\/energia\/iluminacao-e-lampadas\/\">Economize com ilumina\u00e7\u00e3o e l\u00e2mpadas<\/a><\/li>\n\n\n\n<li><a href=\"https:\/\/radames.manosso.nom.br\/ambiental\/comportamento\/menos-comodo-porem-ecologico-economico-e-saudavel\/\">Menos c\u00f4modo, por\u00e9m ecol\u00f3gico, econ\u00f4mico e saud\u00e1vel<\/a><\/li>\n<\/ul>\n","protected":false},"excerpt":{"rendered":"<p>Aqui est\u00e3o as postagens da \u00e1rea de meio ambiente organizadas por temas.<\/p>\n","protected":false},"author":1,"featured_media":0,"parent":0,"menu_order":0,"comment_status":"closed","ping_status":"closed","template":"","meta":{"jetpack_post_was_ever_published":false,"footnotes":""},"class_list":["post-36","page","type-page","status-publish","hentry"],"jetpack_sharing_enabled":true,"jetpack_shortlink":"https:\/\/wp.me\/P13UHu-A","jetpack-related-posts":[{"id":2,"url":"https:\/\/radames.manosso.nom.br\/ambiental\/sobre\/","url_meta":{"origin":36,"position":0},"title":"Sobre","author":"Radam\u00e9s","date":"09\/07\/2010","format":false,"excerpt":"Este site pretende tratar da quest\u00e3o ambiental de forma positiva e pr\u00e1tica, focando nas a\u00e7\u00f5es do indiv\u00edduo em seu cotidiano que possam reduzir o impacto ambiental de cada um. A prote\u00e7\u00e3o do meio ambiente \u00e9 uma tarefa de todos e de cada um. Neste site, nossa ideia \u00e9 abordar o\u2026","rel":"","context":"Com 1 coment\u00e1rio","block_context":{"text":"Com 1 coment\u00e1rio","link":"https:\/\/radames.manosso.nom.br\/ambiental\/sobre\/#comments"},"img":{"alt_text":"","src":"","width":0,"height":0},"classes":[]}],"_links":{"self":[{"href":"https:\/\/radames.manosso.nom.br\/ambiental\/wp-json\/wp\/v2\/pages\/36","targetHints":{"allow":["GET"]}}],"collection":[{"href":"https:\/\/radames.manosso.nom.br\/ambiental\/wp-json\/wp\/v2\/pages"}],"about":[{"href":"https:\/\/radames.manosso.nom.br\/ambiental\/wp-json\/wp\/v2\/types\/page"}],"author":[{"embeddable":true,"href":"https:\/\/radames.manosso.nom.br\/ambiental\/wp-json\/wp\/v2\/users\/1"}],"replies":[{"embeddable":true,"href":"https:\/\/radames.manosso.nom.br\/ambiental\/wp-json\/wp\/v2\/comments?post=36"}],"version-history":[{"count":31,"href":"https:\/\/radames.manosso.nom.br\/ambiental\/wp-json\/wp\/v2\/pages\/36\/revisions"}],"predecessor-version":[{"id":1752,"href":"https:\/\/radames.manosso.nom.br\/ambiental\/wp-json\/wp\/v2\/pages\/36\/revisions\/1752"}],"wp:attachment":[{"href":"https:\/\/radames.manosso.nom.br\/ambiental\/wp-json\/wp\/v2\/media?parent=36"}],"curies":[{"name":"wp","href":"https:\/\/api.w.org\/{rel}","templated":true}]}}