{"id":1901,"date":"2017-03-09T18:13:51","date_gmt":"2017-03-09T21:13:51","guid":{"rendered":"http:\/\/radames.manosso.nom.br\/bitabit\/?page_id=1901"},"modified":"2021-05-29T10:33:44","modified_gmt":"2021-05-29T13:33:44","slug":"downloads-cadastrados","status":"publish","type":"page","link":"https:\/\/radames.manosso.nom.br\/bitabit\/downloads-cadastrados\/","title":{"rendered":"Downloads para usu\u00e1rios cadastrados"},"content":{"rendered":"You must be logged in to view this content.","protected":false},"excerpt":{"rendered":"You must be logged in to view this content.","protected":false},"author":1,"featured_media":0,"parent":0,"menu_order":0,"comment_status":"open","ping_status":"closed","template":"","meta":{"jetpack_post_was_ever_published":false,"footnotes":""},"class_list":["post-1901","page","type-page","status-publish","hentry"],"jetpack_sharing_enabled":false,"jetpack_shortlink":"https:\/\/wp.me\/P14lZV-uF","jetpack-related-posts":[{"id":814,"url":"https:\/\/radames.manosso.nom.br\/bitabit\/cadastro\/","url_meta":{"origin":1901,"position":0},"title":"Cadastro","author":"Radam\u00e9s","date":"02\/09\/2016","format":false,"excerpt":"","rel":"","context":"Post similar","block_context":{"text":"Post similar","link":""},"img":{"alt_text":"","src":"","width":0,"height":0},"classes":[]},{"id":2712,"url":"https:\/\/radames.manosso.nom.br\/bitabit\/","url_meta":{"origin":1901,"position":1},"title":"Planilhas","author":"Radam\u00e9s","date":"28\/03\/2019","format":false,"excerpt":"Conhe\u00e7a nossas planilhas em Excel para usar no dia a dia em casa ou escrit\u00f3rio. \u00c1rvore geneal\u00f3gica em Excel Cadastre os familiares e deixe o Excel montar a \u00e1rvore de sua fam\u00edlia. Vers\u00f5es: free e premium Saiba mais Bol\u00e3o do Brasileir\u00e3o 2021 Re\u00fana os amigos, fa\u00e7am as apostas e deixem\u2026","rel":"","context":"Post similar","block_context":{"text":"Post similar","link":""},"img":{"alt_text":"","src":"https:\/\/i0.wp.com\/radames.manosso.nom.br\/bitabit\/files\/ficha-familiar-2.jpg?resize=350%2C200&ssl=1","width":350,"height":200},"classes":[]}],"_links":{"self":[{"href":"https:\/\/radames.manosso.nom.br\/bitabit\/wp-json\/wp\/v2\/pages\/1901","targetHints":{"allow":["GET"]}}],"collection":[{"href":"https:\/\/radames.manosso.nom.br\/bitabit\/wp-json\/wp\/v2\/pages"}],"about":[{"href":"https:\/\/radames.manosso.nom.br\/bitabit\/wp-json\/wp\/v2\/types\/page"}],"author":[{"embeddable":true,"href":"https:\/\/radames.manosso.nom.br\/bitabit\/wp-json\/wp\/v2\/users\/1"}],"replies":[{"embeddable":true,"href":"https:\/\/radames.manosso.nom.br\/bitabit\/wp-json\/wp\/v2\/comments?post=1901"}],"version-history":[{"count":2,"href":"https:\/\/radames.manosso.nom.br\/bitabit\/wp-json\/wp\/v2\/pages\/1901\/revisions"}],"predecessor-version":[{"id":3444,"href":"https:\/\/radames.manosso.nom.br\/bitabit\/wp-json\/wp\/v2\/pages\/1901\/revisions\/3444"}],"wp:attachment":[{"href":"https:\/\/radames.manosso.nom.br\/bitabit\/wp-json\/wp\/v2\/media?parent=1901"}],"curies":[{"name":"wp","href":"https:\/\/api.w.org\/{rel}","templated":true}]}}