{"id":2712,"date":"2019-03-28T16:00:59","date_gmt":"2019-03-28T19:00:59","guid":{"rendered":"http:\/\/radames.manosso.nom.br\/bitabit\/?page_id=2712"},"modified":"2024-12-28T11:19:28","modified_gmt":"2024-12-28T14:19:28","slug":"planilhas","status":"publish","type":"page","link":"https:\/\/radames.manosso.nom.br\/bitabit\/","title":{"rendered":"Planilhas"},"content":{"rendered":"\n<p>Conhe\u00e7a nossas planilhas em Excel para usar no dia a dia em casa ou escrit\u00f3rio.<\/p>\n\n\n\n<hr class=\"wp-block-separator has-css-opacity is-style-wide\"\/>\n\n\n\n<h2 class=\"wp-block-heading\">\u00c1rvore geneal\u00f3gica em Excel<\/h2>\n\n\n\n<p>Cadastre os familiares e deixe o Excel montar a \u00e1rvore de sua fam\u00edlia.<\/p>\n\n\n\n<figure class=\"wp-block-image\"><a href=\"https:\/\/radames.manosso.nom.br\/bitabit\/planilhas\/arvore-genealogica-em-excel\/\"><img data-recalc-dims=\"1\" loading=\"lazy\" decoding=\"async\" width=\"411\" height=\"255\" src=\"https:\/\/i0.wp.com\/radames.manosso.nom.br\/bitabit\/files\/ficha-familiar-2.jpg?resize=411%2C255&#038;ssl=1\" alt=\"\" class=\"wp-image-2923\" srcset=\"https:\/\/i0.wp.com\/radames.manosso.nom.br\/bitabit\/files\/ficha-familiar-2.jpg?w=411&amp;ssl=1 411w, https:\/\/i0.wp.com\/radames.manosso.nom.br\/bitabit\/files\/ficha-familiar-2.jpg?resize=300%2C186&amp;ssl=1 300w\" sizes=\"auto, (max-width: 411px) 85vw, 411px\" \/><\/a><\/figure>\n\n\n\n<p>Ve<em>rs\u00f5es: <strong>free <\/strong>e premium<\/em><\/p>\n\n\n\n<div class=\"wp-block-button\"><a class=\"wp-block-button__link has-very-light-gray-color has-vivid-cyan-blue-background-color has-text-color has-background wp-element-button\" href=\"https:\/\/radames.manosso.nom.br\/bitabit\/planilhas\/arvore-genealogica-em-excel\/\">Saiba mais<\/a><\/div>\n\n\n\n<hr class=\"wp-block-separator has-css-opacity is-style-wide\"\/>\n\n\n\n<h2 class=\"wp-block-heading\">Bol\u00e3o do Brasileir\u00e3o 2021<\/h2>\n\n\n\n<p>Re\u00fana os amigos, fa\u00e7am as apostas e deixem as contas para o Excel.<\/p>\n\n\n\n<figure class=\"wp-block-image size-large\"><a href=\"https:\/\/radames.manosso.nom.br\/bitabit\/planilhas\/bolao-do-brasileirao-em-excel\/\"><img data-recalc-dims=\"1\" loading=\"lazy\" decoding=\"async\" width=\"263\" height=\"312\" src=\"https:\/\/i0.wp.com\/radames.manosso.nom.br\/bitabit\/files\/pontuacao-bolao.jpg?resize=263%2C312&#038;ssl=1\" alt=\"Pontua\u00e7\u00e3o do bol\u00e3o\" class=\"wp-image-3221\" srcset=\"https:\/\/i0.wp.com\/radames.manosso.nom.br\/bitabit\/files\/pontuacao-bolao.jpg?w=263&amp;ssl=1 263w, https:\/\/i0.wp.com\/radames.manosso.nom.br\/bitabit\/files\/pontuacao-bolao.jpg?resize=253%2C300&amp;ssl=1 253w\" sizes=\"auto, (max-width: 263px) 85vw, 263px\" \/><\/a><\/figure>\n\n\n\n<p><em>Vers\u00f5es: <strong>free <\/strong>e premium<\/em><\/p>\n\n\n\n<div class=\"wp-block-button\"><a class=\"wp-block-button__link has-very-light-gray-color has-vivid-cyan-blue-background-color has-text-color has-background wp-element-button\" href=\"https:\/\/radames.manosso.nom.br\/bitabit\/planilhas\/bolao-do-brasileirao-em-excel\/\">Saiba mais<\/a><\/div>\n\n\n\n<hr class=\"wp-block-separator has-css-opacity is-style-wide\"\/>\n\n\n\n<h2 class=\"wp-block-heading\">Colecionador de c\u00e9dulas<\/h2>\n\n\n\n<p>Organize sua cole\u00e7\u00e3o de c\u00e9dulas com esta planilha ideal para numismatas.<\/p>\n\n\n\n<figure class=\"wp-block-image size-large is-resized\"><a href=\"https:\/\/radames.manosso.nom.br\/bitabit\/planilhas\/planilha-do-colecionador-de-cedulas\/\"><img data-recalc-dims=\"1\" loading=\"lazy\" decoding=\"async\" width=\"600\" height=\"369\" src=\"https:\/\/i0.wp.com\/radames.manosso.nom.br\/bitabit\/files\/colecionador-de-cedulas.jpg?resize=600%2C369&#038;ssl=1\" alt=\"\" class=\"wp-image-3254\" style=\"width:500px\" srcset=\"https:\/\/i0.wp.com\/radames.manosso.nom.br\/bitabit\/files\/colecionador-de-cedulas.jpg?w=600&amp;ssl=1 600w, https:\/\/i0.wp.com\/radames.manosso.nom.br\/bitabit\/files\/colecionador-de-cedulas.jpg?resize=300%2C185&amp;ssl=1 300w\" sizes=\"auto, (max-width: 600px) 85vw, 600px\" \/><\/a><\/figure>\n\n\n\n<p> Ve<em>rs\u00f5es: <strong>free <\/strong>e premium<\/em> <\/p>\n\n\n\n<div class=\"wp-block-button\"><a class=\"wp-block-button__link has-very-light-gray-color has-vivid-cyan-blue-background-color has-text-color has-background wp-element-button\" href=\"https:\/\/radames.manosso.nom.br\/bitabit\/planilhas\/planilha-do-colecionador-de-cedulas\/\">Saiba mais<\/a><\/div>\n\n\n\n<hr class=\"wp-block-separator has-css-opacity is-style-wide\"\/>\n\n\n\n<h2 class=\"wp-block-heading\">Controle financeiro familiar<\/h2>\n\n\n\n<p>Controle receitas, despesas e investimentos da sua fam\u00edlia.<\/p>\n\n\n\n<figure class=\"wp-block-image\"><a href=\"https:\/\/radames.manosso.nom.br\/bitabit\/planilhas\/controle-financeiro-pessoal-em-excel-conceitos-basicos\/\"><img data-recalc-dims=\"1\" loading=\"lazy\" decoding=\"async\" width=\"400\" height=\"279\" src=\"https:\/\/i0.wp.com\/radames.manosso.nom.br\/bitabit\/files\/controle-financas.jpg?resize=400%2C279&#038;ssl=1\" alt=\"Controle financeiro\" class=\"wp-image-2754\" srcset=\"https:\/\/i0.wp.com\/radames.manosso.nom.br\/bitabit\/files\/controle-financas.jpg?w=400&amp;ssl=1 400w, https:\/\/i0.wp.com\/radames.manosso.nom.br\/bitabit\/files\/controle-financas.jpg?resize=300%2C209&amp;ssl=1 300w\" sizes=\"auto, (max-width: 400px) 85vw, 400px\" \/><\/a><\/figure>\n\n\n\n<p><em>Vers\u00f5es: <strong>free <\/strong>e premium<\/em><\/p>\n\n\n\n<div class=\"wp-block-button\"><a class=\"wp-block-button__link has-very-light-gray-color has-vivid-cyan-blue-background-color has-text-color has-background wp-element-button\" href=\"https:\/\/radames.manosso.nom.br\/bitabit\/planilhas\/controle-financeiro-pessoal-em-excel-conceitos-basicos\/\">Saiba mais<\/a><\/div>\n\n\n\n<hr class=\"wp-block-separator has-css-opacity is-style-wide\"\/>\n\n\n\n<h2 class=\"wp-block-heading\">Ficha t\u00e9cnica de alimentos<\/h2>\n\n\n\n<p>Gerencie custos, valor nutricional e crie rotulagem Anvisa para suas prepara\u00e7\u00f5es.<\/p>\n\n\n\n<figure class=\"wp-block-image\"><a href=\"https:\/\/radames.manosso.nom.br\/bitabit\/planilhas\/ficha-tecnica-de-alimentos-com-rotulagem-nutricional-anvisa-em-excel\/\"><img data-recalc-dims=\"1\" loading=\"lazy\" decoding=\"async\" width=\"400\" height=\"340\" src=\"https:\/\/i0.wp.com\/radames.manosso.nom.br\/bitabit\/files\/ficha-tecnica.jpg?resize=400%2C340&#038;ssl=1\" alt=\"Ficha t\u00e9cnica de alimentos\" class=\"wp-image-2750\" srcset=\"https:\/\/i0.wp.com\/radames.manosso.nom.br\/bitabit\/files\/ficha-tecnica.jpg?w=400&amp;ssl=1 400w, https:\/\/i0.wp.com\/radames.manosso.nom.br\/bitabit\/files\/ficha-tecnica.jpg?resize=300%2C255&amp;ssl=1 300w\" sizes=\"auto, (max-width: 400px) 85vw, 400px\" \/><\/a><\/figure>\n\n\n\n<p><em>Vers\u00f5es: <strong>free <\/strong>e premium.<\/em><\/p>\n\n\n\n<div class=\"wp-block-button\"><a class=\"wp-block-button__link has-very-light-gray-color has-vivid-cyan-blue-background-color has-text-color has-background wp-element-button\" href=\"https:\/\/radames.manosso.nom.br\/bitabit\/planilhas\/ficha-tecnica-de-alimentos-com-rotulagem-nutricional-anvisa-em-excel\/\">Saiba mais<\/a><\/div>\n\n\n\n<hr class=\"wp-block-separator has-css-opacity is-style-wide\"\/>\n\n\n\n<h2 class=\"wp-block-heading\">Gerador de apostas de Mega-Sena<\/h2>\n\n\n\n<p>Op\u00e7\u00f5es de estrat\u00e9gias e praticidade para jogar na Mega em pequenas e grandes quantidades.<\/p>\n\n\n\n<figure class=\"wp-block-image\"><a href=\"https:\/\/radames.manosso.nom.br\/bitabit\/planilhas\/gerador-de-numeros-para-a-mega-sena-em-excel\/\"><img data-recalc-dims=\"1\" loading=\"lazy\" decoding=\"async\" width=\"400\" height=\"384\" src=\"https:\/\/i0.wp.com\/radames.manosso.nom.br\/bitabit\/files\/gerador-megasena-dezenas-de-trabalho-1.jpg?resize=400%2C384&#038;ssl=1\" alt=\"Gerador de apostas de Mega-Sena\" class=\"wp-image-2752\" srcset=\"https:\/\/i0.wp.com\/radames.manosso.nom.br\/bitabit\/files\/gerador-megasena-dezenas-de-trabalho-1.jpg?w=400&amp;ssl=1 400w, https:\/\/i0.wp.com\/radames.manosso.nom.br\/bitabit\/files\/gerador-megasena-dezenas-de-trabalho-1.jpg?resize=300%2C288&amp;ssl=1 300w\" sizes=\"auto, (max-width: 400px) 85vw, 400px\" \/><\/a><\/figure>\n\n\n\n<p class=\"has-text-align-left\"><em>Vers\u00f5es: <\/em><strong><em>free <\/em><\/strong><em>e premium<\/em><\/p>\n\n\n\n<div class=\"wp-block-buttons is-layout-flex wp-block-buttons-is-layout-flex\">\n<div class=\"wp-block-button\"><a class=\"wp-block-button__link has-very-light-gray-color has-vivid-cyan-blue-background-color has-text-color has-background wp-element-button\" href=\"https:\/\/radames.manosso.nom.br\/bitabit\/planilhas\/gerador-de-numeros-para-a-mega-sena-em-excel\/\">Saiba mais<\/a><\/div>\n<\/div>\n\n\n\n<hr class=\"wp-block-separator has-css-opacity is-style-wide\"\/>\n\n\n\n<h2 class=\"wp-block-heading\">Simulador de consumo de energia el\u00e9trica<\/h2>\n\n\n\n<p>Simule para reduzir o consumo de sua casa, escrit\u00f3rio, loja, condom\u00ednio ou empresa.<\/p>\n\n\n\n<figure class=\"wp-block-image\"><a href=\"https:\/\/radames.manosso.nom.br\/bitabit\/planilhas\/simulador-de-consumo-de-energia-eletrica-em-excel\/\"><img data-recalc-dims=\"1\" loading=\"lazy\" decoding=\"async\" width=\"400\" height=\"343\" src=\"https:\/\/i0.wp.com\/radames.manosso.nom.br\/bitabit\/files\/simulador-de-consumo.jpg?resize=400%2C343&#038;ssl=1\" alt=\"Simulador de consumo de energia\" class=\"wp-image-2755\" srcset=\"https:\/\/i0.wp.com\/radames.manosso.nom.br\/bitabit\/files\/simulador-de-consumo.jpg?w=400&amp;ssl=1 400w, https:\/\/i0.wp.com\/radames.manosso.nom.br\/bitabit\/files\/simulador-de-consumo.jpg?resize=300%2C257&amp;ssl=1 300w\" sizes=\"auto, (max-width: 400px) 85vw, 400px\" \/><\/a><\/figure>\n\n\n\n<p><em>Vers\u00f5es: <\/em><strong><em>free <\/em><\/strong><em>e premium.<\/em><\/p>\n\n\n\n<div class=\"wp-block-button\"><a class=\"wp-block-button__link has-very-light-gray-color has-vivid-cyan-blue-background-color has-text-color has-background wp-element-button\" href=\"https:\/\/radames.manosso.nom.br\/bitabit\/planilhas\/simulador-de-consumo-de-energia-eletrica-em-excel\/\">Saiba mais<\/a><\/div>\n\n\n\n<hr class=\"wp-block-separator has-css-opacity is-style-wide\"\/>\n\n\n\n<h2 class=\"wp-block-heading\">E n\u00e3o para por a\u00ed<\/h2>\n\n\n\n<p>Mais planilhas em vers\u00e3o <strong>FREE<\/strong>.<\/p>\n\n\n\n<ul class=\"wp-block-list\">\n<li><a href=\"https:\/\/radames.manosso.nom.br\/bitabit\/planilhas\/planilhas-do-campeonato-brasileiro-de-futebol-series-a-e-b\/\">Acompanhamento do Brasileir\u00e3o<\/a><\/li>\n\n\n\n<li><a href=\"https:\/\/radames.manosso.nom.br\/bitabit\/planilhas\/planilha-da-copa-do-mundo-da-russia-2018\/\">Acompanhamento da Copa do Mundo 2018<\/a><\/li>\n\n\n\n<li><a href=\"https:\/\/radames.manosso.nom.br\/bitabit\/planilhas\/acompanhamento-preventivo-de-saude-em-excel\/\">Acompanhamento preventivo de sa\u00fade<\/a><\/li>\n\n\n\n<li><a href=\"https:\/\/radames.manosso.nom.br\/bitabit\/planilhas\/blocos-economicos-e-organismos-internacionais-em-excel\/\">Blocos econ\u00f4micos e organiza\u00e7\u00f5es internacionais<\/a><\/li>\n\n\n\n<li><a href=\"https:\/\/radames.manosso.nom.br\/bitabit\/planilhas\/bolao-da-copa-do-mundo-russia-2018-online-em-excel\/\">Bol\u00e3o da Copa do Mundo 2018<\/a><\/li>\n\n\n\n<li><a href=\"https:\/\/radames.manosso.nom.br\/bitabit\/planilhas\/calculadora-de-churrasco-em-excel\/\">Calculadora de churrasco<\/a><\/li>\n\n\n\n<li><a href=\"https:\/\/radames.manosso.nom.br\/bitabit\/planilhas\/como-identificar-anos-bissextos-no-excel\/\">C\u00e1lculos com datas<\/a><\/li>\n\n\n\n<li><a href=\"https:\/\/radames.manosso.nom.br\/bitabit\/planilhas\/calendario-de-fases-da-lua-em-excel\/\">Calend\u00e1rio de fases da lua<\/a><\/li>\n\n\n\n<li><a href=\"https:\/\/radames.manosso.nom.br\/bitabit\/planilhas\/calendario-permanente-em-excel\/\">Calend\u00e1rio perp\u00e9tuo<\/a><\/li>\n\n\n\n<li><a href=\"https:\/\/radames.manosso.nom.br\/bitabit\/planilhas\/os-carros-mais-economicos-do-brasil\/\">Carros mais econ\u00f4micos do Brasil<\/a><\/li>\n\n\n\n<li><a href=\"https:\/\/radames.manosso.nom.br\/bitabit\/planilhas\/calcule-sua-classe-de-renda-familiar-no-excel\/\">Classes de renda familiar<\/a><\/li>\n\n\n\n<li><a href=\"https:\/\/radames.manosso.nom.br\/bitabit\/planilhas\/conjugador-de-verbos-em-excel\/\">Conjugador de verbos<\/a><\/li>\n\n\n\n<li><a href=\"https:\/\/radames.manosso.nom.br\/bitabit\/planilhas\/criptografia-rc4-em-excel\/\">Criptografia de mensagens<\/a><\/li>\n\n\n\n<li><a href=\"https:\/\/radames.manosso.nom.br\/bitabit\/planilhas\/cronograma-de-projeto-com-grafico-gantt-em-excel\/\">Cronograma de projetos com Gantt<\/a><\/li>\n\n\n\n<li><a href=\"https:\/\/radames.manosso.nom.br\/bitabit\/planilhas\/controle-despesas-de-seu-automovel-no-excel\/\">Despesas de ve\u00edculo<\/a><\/li>\n\n\n\n<li><a href=\"https:\/\/radames.manosso.nom.br\/bitabit\/planilhas\/estatisticas-da-mega-sena\/\">Estat\u00edsticas da Mega-sena<\/a><\/li>\n\n\n\n<li><a href=\"https:\/\/radames.manosso.nom.br\/bitabit\/planilhas\/analise-em-excel-da-evolucao-do-salario-minimo-desde-o-inicio-do-real\/\">Evolu\u00e7\u00e3o do sal\u00e1rio m\u00ednimo<\/a><\/li>\n\n\n\n<li><a href=\"https:\/\/radames.manosso.nom.br\/bitabit\/planilhas\/estude-a-funcao-do-segundo-grau-no-excel\/\">Fun\u00e7\u00e3o do segundo grau<\/a><\/li>\n\n\n\n<li><a href=\"https:\/\/radames.manosso.nom.br\/bitabit\/planilhas\/tabela-simples-substitui-varias-funcoes-financeiras-do-excel-e-da-hp-12c\/\">Fun\u00e7\u00f5es financeiras<\/a><\/li>\n\n\n\n<li><a href=\"https:\/\/radames.manosso.nom.br\/bitabit\/download\/gerador-de-senhas-fortes-em-excel\/\">Gerador de senhas fortes<\/a><\/li>\n\n\n\n<li><a href=\"https:\/\/radames.manosso.nom.br\/bitabit\/planilhas\/gerenciador-de-tarefas-em-excel\/\">Gerenciador de tarefas<\/a><\/li>\n\n\n\n<li><a href=\"https:\/\/radames.manosso.nom.br\/bitabit\/planilhas\/gerenciamento-de-senhas-com-excel\/\">Gerenciamento de senhas<\/a><\/li>\n\n\n\n<li><a href=\"https:\/\/radames.manosso.nom.br\/bitabit\/planilhas\/graficos-de-funcoes-trigonometricas-no-excel\/\">Gr\u00e1fico de fun\u00e7\u00f5es trigonom\u00e9tricas<\/a><\/li>\n\n\n\n<li><a href=\"https:\/\/radames.manosso.nom.br\/bitabit\/planilhas\/calcule-o-imc-de-criancas-jovens-adultos-e-idosos-no-excel\/\">IMC \u00cdndice de massa corporal<\/a><\/li>\n\n\n\n<li><a href=\"https:\/\/radames.manosso.nom.br\/bitabit\/planilhas\/lista-de-compras-no-excel\/\">Lista de compras para supermercado<\/a><\/li>\n\n\n\n<li><a href=\"https:\/\/radames.manosso.nom.br\/bitabit\/planilhas\/planilha-de-filmes-em-excel-para-cinefilos\/\">Planilha de filmes para cin\u00e9filos<\/a><\/li>\n\n\n\n<li><a href=\"https:\/\/radames.manosso.nom.br\/bitabit\/planilhas\/calcule-sensacao-termica-no-excel\/\">Sensa\u00e7\u00e3o t\u00e9rmica<\/a><\/li>\n\n\n\n<li><a href=\"https:\/\/radames.manosso.nom.br\/bitabit\/planilhas\/tabela-periodica-interativa-em-excel\/\">Tabela peri\u00f3dica dos elementos<\/a><\/li>\n\n\n\n<li><a href=\"https:\/\/radames.manosso.nom.br\/bitabit\/planilhas\/todos-os-paises-mundo-no-excel\/\">Todos os pa\u00edses do mundo<\/a><\/li>\n\n\n\n<li><a href=\"https:\/\/radames.manosso.nom.br\/bitabit\/planilhas\/calcule-o-valor-nutricional-de-refeicoes-no-excel\/\">Valor nutricional de refei\u00e7\u00f5es<\/a><\/li>\n<\/ul>\n\n\n\n<h3 class=\"wp-block-heading\">Planilhas desbloqueadas<\/h3>\n\n\n\n<p>Muitas planilhas da nossa cole\u00e7\u00e3o est\u00e3o dispon\u00edveis <strong><em>desbloqueadas <\/em><\/strong>e <strong><em>gratuitas <\/em><\/strong>na \u00e1rea de usu\u00e1rios cadastrados.<\/p>\n\n\n\n<div class=\"wp-block-button\"><a class=\"wp-block-button__link has-very-light-gray-color has-vivid-cyan-blue-background-color has-text-color has-background wp-element-button\" href=\"https:\/\/radames.manosso.nom.br\/bitabit\/downloads-cadastrados\/\">Acessar<\/a><\/div>\n\n\n\n<figure class=\"wp-block-pullquote is-style-default\"><blockquote><p>Tem coisas que s\u00f3 o Excel faz por voc\u00ea.<\/p><\/blockquote><\/figure>\n","protected":false},"excerpt":{"rendered":"<p>Conhe\u00e7a nossas planilhas em Excel para usar no dia a dia em casa ou escrit\u00f3rio. \u00c1rvore geneal\u00f3gica em Excel Cadastre os familiares e deixe o Excel montar a \u00e1rvore de sua fam\u00edlia. Vers\u00f5es: free e premium Bol\u00e3o do Brasileir\u00e3o 2021 Re\u00fana os amigos, fa\u00e7am as apostas e deixem as contas para o Excel. Vers\u00f5es: free &hellip; <a href=\"https:\/\/radames.manosso.nom.br\/bitabit\/\" class=\"more-link\">Continue lendo<span class=\"screen-reader-text\"> &#8220;Planilhas&#8221;<\/span><\/a><\/p>\n","protected":false},"author":1,"featured_media":0,"parent":0,"menu_order":0,"comment_status":"closed","ping_status":"closed","template":"","meta":{"footnotes":""},"class_list":["post-2712","page","type-page","status-publish","hentry"],"jetpack_sharing_enabled":true,"jetpack_shortlink":"https:\/\/wp.me\/P14lZV-HK","jetpack-related-posts":[],"_links":{"self":[{"href":"https:\/\/radames.manosso.nom.br\/bitabit\/wp-json\/wp\/v2\/pages\/2712","targetHints":{"allow":["GET"]}}],"collection":[{"href":"https:\/\/radames.manosso.nom.br\/bitabit\/wp-json\/wp\/v2\/pages"}],"about":[{"href":"https:\/\/radames.manosso.nom.br\/bitabit\/wp-json\/wp\/v2\/types\/page"}],"author":[{"embeddable":true,"href":"https:\/\/radames.manosso.nom.br\/bitabit\/wp-json\/wp\/v2\/users\/1"}],"replies":[{"embeddable":true,"href":"https:\/\/radames.manosso.nom.br\/bitabit\/wp-json\/wp\/v2\/comments?post=2712"}],"version-history":[{"count":10,"href":"https:\/\/radames.manosso.nom.br\/bitabit\/wp-json\/wp\/v2\/pages\/2712\/revisions"}],"predecessor-version":[{"id":3507,"href":"https:\/\/radames.manosso.nom.br\/bitabit\/wp-json\/wp\/v2\/pages\/2712\/revisions\/3507"}],"wp:attachment":[{"href":"https:\/\/radames.manosso.nom.br\/bitabit\/wp-json\/wp\/v2\/media?parent=2712"}],"curies":[{"name":"wp","href":"https:\/\/api.w.org\/{rel}","templated":true}]}}