{"id":814,"date":"2016-09-02T15:44:52","date_gmt":"2016-09-02T18:44:52","guid":{"rendered":"http:\/\/radames.manosso.nom.br\/bitabit\/?page_id=814"},"modified":"2017-03-08T22:07:00","modified_gmt":"2017-03-09T01:07:00","slug":"cadastro","status":"publish","type":"page","link":"https:\/\/radames.manosso.nom.br\/bitabit\/cadastro\/","title":{"rendered":"Cadastro"},"content":{"rendered":"<p><strong><div id=\"wpmem_login\"><a id=\"login\"><\/a><form action=\"https:\/\/radames.manosso.nom.br\/bitabit\/cadastro\/\" method=\"POST\" id=\"wpmem_login_form\" class=\"form\"><input type=\"hidden\" id=\"_wpmem_login_nonce\" name=\"_wpmem_login_nonce\" value=\"909bf2468f\" \/><input type=\"hidden\" name=\"_wp_http_referer\" value=\"\/bitabit\/wp-json\/wp\/v2\/pages\/814\" \/><fieldset><legend>Login de Usu\u00e1rios<\/legend><label for=\"log\">Username or Email<\/label><div class=\"div_text\"><input name=\"log\" type=\"text\" id=\"log\" value=\"\" class=\"username\" required  \/><\/div><label for=\"pwd\">Senha<\/label><div class=\"div_text\"><input name=\"pwd\" type=\"password\" id=\"pwd\" class=\"password\" required  \/><\/div><input name=\"a\" type=\"hidden\" value=\"login\" \/><input name=\"redirect_to\" type=\"hidden\" value=\"https:\/\/radames.manosso.nom.br\/bitabit\/cadastro\/\" \/><div class=\"button_div\"><input name=\"rememberme\" type=\"checkbox\" id=\"rememberme\" value=\"forever\" \/>&nbsp;<label for=\"rememberme\">Lembrar-me<\/label>&nbsp;&nbsp;<input type=\"submit\" name=\"Submit\" value=\"Login\" class=\"buttons\" \/><\/div><div class=\"link-text\"><span class=\"link-text-forgot\">Esqueceu a senha?&nbsp;<a href=\"https:\/\/radames.manosso.nom.br\/bitabit\/recuperar\/?a=pwdreset\">Clique aqui para recuperar<\/a><\/span><\/div><\/fieldset><\/form><\/div><div id=\"wpmem_reg\"><a id=\"register\"><\/a><form name=\"form\" method=\"post\" action=\"https:\/\/radames.manosso.nom.br\/bitabit\/cadastro\/\" id=\"wpmem_register_form\" class=\"form\"><input type=\"hidden\" id=\"_wpmem_register_nonce\" name=\"_wpmem_register_nonce\" value=\"d2f12f2597\" \/><input type=\"hidden\" name=\"_wp_http_referer\" value=\"\/bitabit\/wp-json\/wp\/v2\/pages\/814\" \/><fieldset><legend>Registro de Novo Usu\u00e1rio<\/legend><label for=\"username\" class=\"text\">Escolha um Nome de Usu\u00e1rio<span class=\"req\">*<\/span><\/label><div class=\"div_text\"><input name=\"username\" type=\"text\" id=\"username\" value=\"\" class=\"textbox\" required  \/><\/div><label for=\"password\" class=\"text\">Senha<span class=\"req\">*<\/span><\/label><div class=\"div_text\"><input name=\"password\" type=\"password\" id=\"password\" class=\"textbox\" required  \/><\/div><label for=\"confirm_password\" class=\"text\">Confirme a senha<span class=\"req\">*<\/span><\/label><div class=\"div_text\"><input name=\"confirm_password\" type=\"password\" id=\"confirm_password\" class=\"textbox\" required  \/><\/div><label for=\"user_email\" class=\"text\">E-mail<span class=\"req\">*<\/span><\/label><div class=\"div_text\"><input name=\"user_email\" type=\"email\" id=\"user_email\" value=\"\" class=\"textbox\" required  \/><\/div><label for=\"first_name\" class=\"text\">Nome<span class=\"req\">*<\/span><\/label><div class=\"div_text\"><input name=\"first_name\" type=\"text\" id=\"first_name\" value=\"\" class=\"textbox\" required  \/><\/div><label for=\"last_name\" class=\"text\">Sobrenome<span class=\"req\">*<\/span><\/label><div class=\"div_text\"><input name=\"last_name\" type=\"text\" id=\"last_name\" value=\"\" class=\"textbox\" required  \/><\/div><div class=\"div_text\">Really Simple CAPTCHA is not enabled<\/div><input name=\"a\" type=\"hidden\" value=\"register\" \/><input name=\"wpmem_reg_page\" type=\"hidden\" value=\"https:\/\/radames.manosso.nom.br\/bitabit\/cadastro\/\" \/><div class=\"button_div\"><input name=\"submit\" type=\"submit\" value=\"Cadastre-se\" class=\"buttons\" \/><\/div><div class=\"req-text\"><span class=\"req\">*<\/span>Campo obrigat\u00f3rio<\/div><\/fieldset><\/form><\/div><\/strong><\/p>\n","protected":false},"excerpt":{"rendered":"","protected":false},"author":1,"featured_media":0,"parent":0,"menu_order":0,"comment_status":"closed","ping_status":"closed","template":"","meta":{"jetpack_post_was_ever_published":false,"footnotes":""},"class_list":["post-814","page","type-page","status-publish","hentry"],"jetpack_sharing_enabled":false,"jetpack_shortlink":"https:\/\/wp.me\/P14lZV-d8","jetpack-related-posts":[{"id":1901,"url":"https:\/\/radames.manosso.nom.br\/bitabit\/downloads-cadastrados\/","url_meta":{"origin":814,"position":0},"title":"Downloads para usu\u00e1rios cadastrados","author":"Radam\u00e9s","date":"09\/03\/2017","format":false,"excerpt":"Esta \u00e1rea \u00e9 exclusiva para usu\u00e1rios cadastrados.","rel":"","context":"Com 65 coment\u00e1rios","block_context":{"text":"Com 65 coment\u00e1rios","link":"https:\/\/radames.manosso.nom.br\/bitabit\/downloads-cadastrados\/#comments"},"img":{"alt_text":"","src":"","width":0,"height":0},"classes":[]},{"id":2712,"url":"https:\/\/radames.manosso.nom.br\/bitabit\/","url_meta":{"origin":814,"position":1},"title":"Planilhas","author":"Radam\u00e9s","date":"28\/03\/2019","format":false,"excerpt":"Conhe\u00e7a nossas planilhas em Excel para usar no dia a dia em casa ou escrit\u00f3rio. \u00c1rvore geneal\u00f3gica em Excel Cadastre os familiares e deixe o Excel montar a \u00e1rvore de sua fam\u00edlia. Vers\u00f5es: free e premium Saiba mais Bol\u00e3o do Brasileir\u00e3o 2021 Re\u00fana os amigos, fa\u00e7am as apostas e deixem\u2026","rel":"","context":"Post similar","block_context":{"text":"Post similar","link":""},"img":{"alt_text":"","src":"https:\/\/i0.wp.com\/radames.manosso.nom.br\/bitabit\/files\/ficha-familiar-2.jpg?resize=350%2C200&ssl=1","width":350,"height":200},"classes":[]}],"_links":{"self":[{"href":"https:\/\/radames.manosso.nom.br\/bitabit\/wp-json\/wp\/v2\/pages\/814","targetHints":{"allow":["GET"]}}],"collection":[{"href":"https:\/\/radames.manosso.nom.br\/bitabit\/wp-json\/wp\/v2\/pages"}],"about":[{"href":"https:\/\/radames.manosso.nom.br\/bitabit\/wp-json\/wp\/v2\/types\/page"}],"author":[{"embeddable":true,"href":"https:\/\/radames.manosso.nom.br\/bitabit\/wp-json\/wp\/v2\/users\/1"}],"replies":[{"embeddable":true,"href":"https:\/\/radames.manosso.nom.br\/bitabit\/wp-json\/wp\/v2\/comments?post=814"}],"version-history":[{"count":6,"href":"https:\/\/radames.manosso.nom.br\/bitabit\/wp-json\/wp\/v2\/pages\/814\/revisions"}],"predecessor-version":[{"id":1900,"href":"https:\/\/radames.manosso.nom.br\/bitabit\/wp-json\/wp\/v2\/pages\/814\/revisions\/1900"}],"wp:attachment":[{"href":"https:\/\/radames.manosso.nom.br\/bitabit\/wp-json\/wp\/v2\/media?parent=814"}],"curies":[{"name":"wp","href":"https:\/\/api.w.org\/{rel}","templated":true}]}}