{"id":2,"date":"2010-09-07T00:43:08","date_gmt":"2010-09-07T03:43:08","guid":{"rendered":"http:\/\/radames.manosso.nom.br\/critica\/?page_id=2"},"modified":"2010-09-11T17:54:21","modified_gmt":"2010-09-11T20:54:21","slug":"about","status":"publish","type":"page","link":"https:\/\/radames.manosso.nom.br\/critica\/about\/","title":{"rendered":"Sobre"},"content":{"rendered":"<p>O uso do conte\u00fado deste site \u00e9 regido por uma licen\u00e7a Creative Commons que pode ser lida clicando no link abaixo. Ao utilizar algum conte\u00fado deste site, desde que em conformidade com a licen\u00e7a CC, devem ser citados os seguintes cr\u00e9ditos:<\/p>\n<p><strong>Cr\u00e9ditos<\/strong><br \/>\nProdu\u00e7\u00e3o cultural de Radam\u00e9s Manosso<br \/>\n<a href=\"http:\/\/www.radames.manosso.nom.br\/\">www.radames.manosso.nom.br<\/a><\/p>\n<p><a href=\"http:\/\/creativecommons.org\/licenses\/by-nc-nd\/2.5\/br\/\" target=\"_blank\"><img data-recalc-dims=\"1\" loading=\"lazy\" decoding=\"async\" src=\"https:\/\/i0.wp.com\/creativecommons.org\/images\/public\/somerights20.pt.png?resize=88%2C31\" border=\"0\" alt=\"\" width=\"88\" height=\"31\" align=\"BOTTOM\" \/><\/a><\/p>\n","protected":false},"excerpt":{"rendered":"<p>O uso do conte\u00fado deste site \u00e9 regido por uma licen\u00e7a Creative Commons que pode ser lida clicando no link abaixo. Ao utilizar algum conte\u00fado deste site, desde que em conformidade com a licen\u00e7a CC, devem ser citados os seguintes cr\u00e9ditos: Cr\u00e9ditos Produ\u00e7\u00e3o cultural de Radam\u00e9s Manosso www.radames.manosso.nom.br<\/p>\n","protected":false},"author":1,"featured_media":0,"parent":0,"menu_order":0,"comment_status":"closed","ping_status":"closed","template":"","meta":{"jetpack_post_was_ever_published":false,"footnotes":""},"class_list":["post-2","page","type-page","status-publish","hentry"],"jetpack_sharing_enabled":true,"jetpack_shortlink":"https:\/\/wp.me\/P14lZD-2","jetpack-related-posts":[],"_links":{"self":[{"href":"https:\/\/radames.manosso.nom.br\/critica\/wp-json\/wp\/v2\/pages\/2","targetHints":{"allow":["GET"]}}],"collection":[{"href":"https:\/\/radames.manosso.nom.br\/critica\/wp-json\/wp\/v2\/pages"}],"about":[{"href":"https:\/\/radames.manosso.nom.br\/critica\/wp-json\/wp\/v2\/types\/page"}],"author":[{"embeddable":true,"href":"https:\/\/radames.manosso.nom.br\/critica\/wp-json\/wp\/v2\/users\/1"}],"replies":[{"embeddable":true,"href":"https:\/\/radames.manosso.nom.br\/critica\/wp-json\/wp\/v2\/comments?post=2"}],"version-history":[{"count":2,"href":"https:\/\/radames.manosso.nom.br\/critica\/wp-json\/wp\/v2\/pages\/2\/revisions"}],"predecessor-version":[{"id":39,"href":"https:\/\/radames.manosso.nom.br\/critica\/wp-json\/wp\/v2\/pages\/2\/revisions\/39"}],"wp:attachment":[{"href":"https:\/\/radames.manosso.nom.br\/critica\/wp-json\/wp\/v2\/media?parent=2"}],"curies":[{"name":"wp","href":"https:\/\/api.w.org\/{rel}","templated":true}]}}