{"id":56,"date":"2013-11-18T17:23:23","date_gmt":"2013-11-18T17:23:23","guid":{"rendered":"http:\/\/radames.manosso.nom.br\/fotografia\/thumbnail-photos\/"},"modified":"2018-07-29T15:46:41","modified_gmt":"2018-07-29T18:46:41","slug":"quer-adquirir-fotos","status":"publish","type":"page","link":"https:\/\/radames.manosso.nom.br\/fotografia\/quer-adquirir-fotos\/","title":{"rendered":"Quer adquirir fotos?"},"content":{"rendered":"<p>Se voc\u00ea tem interesse em utilizar alguma imagem deste site entre em contato com o autor para obter imagens em alta resolu\u00e7\u00e3o e receber o contrato de cess\u00e3o de direitos autorais. Podemos negociar boas condi\u00e7\u00f5es comerciais.<br \/>\nVoc\u00ea tamb\u00e9m pode encontrar fotos minhas nos bancos de imagens:<\/p>\n<ul>\n<li>\n<h4><a href=\"https:\/\/stock.adobe.com\/br\/contributor\/204706165\/Rada+\">Adobe Stock<\/a><\/h4>\n<\/li>\n<li>\n<h4><a href=\"http:\/\/www.alamy.com\/stock-photography\/4B02E382-3BF4-4782-A10E-EAD58C46A0A8\/1\/Radam%C3%A9s%20Manosso.html\">Alamy<\/a><\/h4>\n<\/li>\n<li>\n<h4><a href=\"http:\/\/www.dreamstime.com\/radamesm_info\">Dreamstime<\/a><\/h4>\n<\/li>\n<li>\n<h4><a href=\"https:\/\/www.gettyimages.com\/search\/photographer?family=creative&amp;photographer=radam%C3%A9s%20manosso&amp;excludenudity=true&amp;sort=best\">Getty<\/a><\/h4>\n<\/li>\n<li>\n<h4><a href=\"http:\/\/www.istockphoto.com\/br\/portfolio\/radamesm\">iStock<\/a><\/h4>\n<\/li>\n<\/ul>\n","protected":false},"excerpt":{"rendered":"<p>Se voc\u00ea tem interesse em utilizar alguma imagem deste site entre em contato com o autor para obter imagens em alta resolu\u00e7\u00e3o e receber o contrato de cess\u00e3o de direitos autorais. Podemos negociar boas condi\u00e7\u00f5es comerciais. Voc\u00ea tamb\u00e9m pode encontrar fotos minhas nos bancos de imagens: Adobe Stock Alamy Dreamstime Getty iStock<\/p>\n","protected":false},"author":1,"featured_media":0,"parent":0,"menu_order":0,"comment_status":"open","ping_status":"open","template":"","meta":{"jetpack_post_was_ever_published":false,"footnotes":""},"class_list":["post-56","page","type-page","status-publish","hentry"],"jetpack_shortlink":"https:\/\/wp.me\/P755Vo-U","jetpack-related-posts":[],"jetpack_sharing_enabled":true,"_links":{"self":[{"href":"https:\/\/radames.manosso.nom.br\/fotografia\/wp-json\/wp\/v2\/pages\/56","targetHints":{"allow":["GET"]}}],"collection":[{"href":"https:\/\/radames.manosso.nom.br\/fotografia\/wp-json\/wp\/v2\/pages"}],"about":[{"href":"https:\/\/radames.manosso.nom.br\/fotografia\/wp-json\/wp\/v2\/types\/page"}],"author":[{"embeddable":true,"href":"https:\/\/radames.manosso.nom.br\/fotografia\/wp-json\/wp\/v2\/users\/1"}],"replies":[{"embeddable":true,"href":"https:\/\/radames.manosso.nom.br\/fotografia\/wp-json\/wp\/v2\/comments?post=56"}],"version-history":[{"count":16,"href":"https:\/\/radames.manosso.nom.br\/fotografia\/wp-json\/wp\/v2\/pages\/56\/revisions"}],"predecessor-version":[{"id":683,"href":"https:\/\/radames.manosso.nom.br\/fotografia\/wp-json\/wp\/v2\/pages\/56\/revisions\/683"}],"wp:attachment":[{"href":"https:\/\/radames.manosso.nom.br\/fotografia\/wp-json\/wp\/v2\/media?parent=56"}],"curies":[{"name":"wp","href":"https:\/\/api.w.org\/{rel}","templated":true}]}}