{"id":5392,"date":"2020-11-24T16:41:05","date_gmt":"2020-11-24T19:41:05","guid":{"rendered":"http:\/\/radames.manosso.nom.br\/palavras\/?page_id=5392"},"modified":"2025-03-03T11:56:16","modified_gmt":"2025-03-03T14:56:16","slug":"mapa","status":"publish","type":"page","link":"https:\/\/radames.manosso.nom.br\/palavras\/","title":{"rendered":"ideias . mapa"},"content":{"rendered":"\n<p>Aqui voc\u00ea tem o \u00edndice de conte\u00fados da \u00e1rea de ideias organizados por \u00e1reas de conhecimento.<\/p>\n\n\n\n<figure class=\"wp-block-image size-large\"><a href=\"https:\/\/i0.wp.com\/radames.manosso.nom.br\/palavras\/files\/2020\/11\/palavras.png?ssl=1\"><img data-recalc-dims=\"1\" loading=\"lazy\" decoding=\"async\" width=\"604\" height=\"315\" data-attachment-id=\"5418\" data-permalink=\"https:\/\/radames.manosso.nom.br\/palavras\/mapa\/attachment\/palavras\/\" data-orig-file=\"https:\/\/i0.wp.com\/radames.manosso.nom.br\/palavras\/files\/2020\/11\/palavras.png?fit=668%2C348&amp;ssl=1\" data-orig-size=\"668,348\" data-comments-opened=\"1\" data-image-meta=\"{&quot;aperture&quot;:&quot;0&quot;,&quot;credit&quot;:&quot;&quot;,&quot;camera&quot;:&quot;&quot;,&quot;caption&quot;:&quot;&quot;,&quot;created_timestamp&quot;:&quot;0&quot;,&quot;copyright&quot;:&quot;&quot;,&quot;focal_length&quot;:&quot;0&quot;,&quot;iso&quot;:&quot;0&quot;,&quot;shutter_speed&quot;:&quot;0&quot;,&quot;title&quot;:&quot;&quot;,&quot;orientation&quot;:&quot;0&quot;}\" data-image-title=\"palavras palavras\" data-image-description=\"&lt;p&gt;palavras palavras&lt;\/p&gt;\n\" data-image-caption=\"\" data-large-file=\"https:\/\/i0.wp.com\/radames.manosso.nom.br\/palavras\/files\/2020\/11\/palavras.png?fit=604%2C315&amp;ssl=1\" src=\"https:\/\/i0.wp.com\/radames.manosso.nom.br\/palavras\/files\/2020\/11\/palavras.png?resize=604%2C315&#038;ssl=1\" alt=\"palavras palavras\" class=\"wp-image-5418\" srcset=\"https:\/\/i0.wp.com\/radames.manosso.nom.br\/palavras\/files\/2020\/11\/palavras.png?w=668&amp;ssl=1 668w, https:\/\/i0.wp.com\/radames.manosso.nom.br\/palavras\/files\/2020\/11\/palavras.png?resize=300%2C156&amp;ssl=1 300w\" sizes=\"auto, (max-width: 604px) 100vw, 604px\" \/><\/a><\/figure>\n\n\n\n<div class=\"wp-block-group\"><div class=\"wp-block-group__inner-container is-layout-constrained wp-block-group-is-layout-constrained\">\n<h3 class=\"wp-block-heading\">Produtividade<\/h3>\n\n\n\n<ul class=\"wp-block-list\">\n<li><a href=\"https:\/\/radames.manosso.nom.br\/palavras\/sem-categoria\/tres-niveis-e-oito-areas-do-desenvolvimento-pessoal\/\">Tr\u00eas n\u00edveis e oito \u00e1reas do desenvolvimento pessoal<\/a><\/li>\n\n\n\n<li><a href=\"https:\/\/radames.manosso.nom.br\/palavras\/produtividade\/os-cinco-degraus-da-independencia-financeira\/\">Os cinco degraus da independ\u00eancia financeira<\/a><\/li>\n\n\n\n<li><a href=\"https:\/\/radames.manosso.nom.br\/palavras\/produtividade\/conscienciosidade\/\">Conscienciosidade <\/a><\/li>\n\n\n\n<li><a href=\"https:\/\/radames.manosso.nom.br\/palavras\/produtividade\/controle-suas-financas-pessoais-com-uma-planilha-simples\/\">Controle suas finan\u00e7as com uma planilha simples<\/a><\/li>\n\n\n\n<li><a href=\"https:\/\/radames.manosso.nom.br\/palavras\/produtividade\/seu-backup-pessoal\/tegoria\/seu-backup-pessoal\/\">Seu backup pessoal<\/a><\/li>\n\n\n\n<li><a href=\"https:\/\/radames.manosso.nom.br\/palavras\/produtividade\/crie-senhas-fortes\/\">Crie senhas fortes<\/a><\/li>\n\n\n\n<li><a href=\"https:\/\/radames.manosso.nom.br\/palavras\/produtividade\/como-cuidar-de-suas-senhas\/\">Como cuidar de suas senhas<\/a><\/li>\n\n\n\n<li><a href=\"https:\/\/radames.manosso.nom.br\/palavras\/produtividade\/como-gerenciar-suas-tarefas\/\">Como gerenciar suas tarefas<\/a><\/li>\n\n\n\n<li><a href=\"https:\/\/radames.manosso.nom.br\/palavras\/produtividade\/setup-tecnologico-domestico\/\">Setup tecnol\u00f3gico dom\u00e9stico<\/a><\/li>\n\n\n\n<li><a href=\"https:\/\/radames.manosso.nom.br\/palavras\/produtividade\/software-apps-e-servicos-de-produtividade\/\">Software, apps e servi\u00e7os de produtividade<\/a><\/li>\n\n\n\n<li><a href=\"https:\/\/radames.manosso.nom.br\/palavras\/produtividade\/edc-every-day-carry-objetos-de-porte-diario\/\">EDC every day carry \u2013 objetos de porte di\u00e1rio<\/a><\/li>\n\n\n\n<li><a href=\"https:\/\/radames.manosso.nom.br\/palavras\/produtividade\/tecnicas-empresariais-para-seu-cotidiano\/\">T\u00e9cnicas empresariais para seu cotidiano<\/a><\/li>\n\n\n\n<li><a href=\"https:\/\/radames.manosso.nom.br\/palavras\/educacao\/o-que-e-preciso-saber-para-viver-2\/\">O que \u00e9 preciso saber para viver?<\/a><\/li>\n<\/ul>\n<\/div><\/div>\n\n\n\n<h3 class=\"wp-block-heading\">Consumo<\/h3>\n\n\n\n<ul class=\"wp-block-list\">\n<li><a href=\"https:\/\/radames.manosso.nom.br\/palavras\/produtividade\/casa-tecnologica-sistemas\/\">Casa tecnol\u00f3gica \u2013 sistemas<\/a><\/li>\n\n\n\n<li><a href=\"https:\/\/radames.manosso.nom.br\/palavras\/produtividade\/casa-tecnologica-aparelhos\/\">Casa tecnol\u00f3gica &#8211; aparelhos<\/a><\/li>\n\n\n\n<li><a href=\"https:\/\/radames.manosso.nom.br\/palavras\/comportamento\/dimensoes-da-alimentacao\/\">Dimens\u00f5es da alimenta\u00e7\u00e3o<\/a><\/li>\n\n\n\n<li><a href=\"https:\/\/radames.manosso.nom.br\/palavras\/produtividade\/meu-minimalismo\/\">Meu minimalismo<\/a><\/li>\n\n\n\n<li><a href=\"https:\/\/radames.manosso.nom.br\/palavras\/geral\/voce-calcula-o-preco-por-kg-dos-produtos\/\">Voc\u00ea calcula o pre\u00e7o por kg dos produtos?<\/a><\/li>\n<\/ul>\n\n\n\n<h3 class=\"wp-block-heading\">Pol\u00edtica<\/h3>\n\n\n\n<ul class=\"wp-block-list\"><li><a href=\"https:\/\/radames.manosso.nom.br\/palavras\/politica\/ranking-dos-partidos-politicos-brasileiros\/\">Ranking dos partidos pol\u00edticos brasileiros<\/a><\/li><li><a href=\"https:\/\/radames.manosso.nom.br\/palavras\/politica\/trace-seu-perfil-ideologico\/\">Trace seu perfil ideol\u00f3gico<\/a><\/li><li><a href=\"https:\/\/radames.manosso.nom.br\/palavras\/politica\/qual-e-a-ideologia-de-cada-partido-brasileiro\/\">Qual \u00e9 a ideologia de cada partido brasileiro?<\/a><\/li><li><a href=\"https:\/\/radames.manosso.nom.br\/palavras\/politica\/o-valor-real-do-salario-minimo-nos-ultimos-vinte-anos\/\">O valor real do sal\u00e1rio m\u00ednimo desde o plano Real<\/a><\/li><li><a href=\"https:\/\/radames.manosso.nom.br\/palavras\/politica\/os-cargos-mais-importantes-do-brasil\/\">Os cargos mais importantes do Brasil<\/a><\/li><li><a href=\"https:\/\/radames.manosso.nom.br\/palavras\/politica\/quantos-ministros-o-brasil-precisaria\/\">Quantos ministros o Brasil precisa?<\/a><\/li><li><a href=\"https:\/\/radames.manosso.nom.br\/palavras\/politica\/o-que-e-classe-media\/\">O que \u00e9 a classe m\u00e9dia?<\/a><\/li><li><a href=\"https:\/\/radames.manosso.nom.br\/palavras\/politica\/meu-manual-de-etiqueta-politica-na-internet\/\">Meu manual de etiqueta pol\u00edtica na Internet<\/a><\/li><li><a href=\"https:\/\/radames.manosso.nom.br\/palavras\/politica\/genios-na-arte-mas-em-politica\/\">G\u00eanios na arte, asnos na pol\u00edtica<\/a><\/li><li><a href=\"https:\/\/radames.manosso.nom.br\/palavras\/politica\/o-mito-do-jornalismo-imparcial\/\">O mito do jornalismo imparcial<\/a><\/li><li><a href=\"https:\/\/radames.manosso.nom.br\/palavras\/politica\/que-fim-levaram-os-candidatos-a-presidente-da-nova-republica\/\">Que fim levaram os candidatos a presidente da Nova Rep\u00fablica?<\/a><\/li><li><a href=\"https:\/\/radames.manosso.nom.br\/palavras\/politica\/o-que-e-maioridade\/\">O que \u00e9 maioridade?<\/a><\/li><li><a href=\"https:\/\/radames.manosso.nom.br\/palavras\/politica\/propostas-impensaveis-para-o-brasil\/\">Propostas impens\u00e1veis para o Brasil<\/a><\/li><\/ul>\n\n\n\n<h3 class=\"wp-block-heading\">Geografia<\/h3>\n\n\n\n<ul class=\"wp-block-list\"><li><a href=\"https:\/\/radames.manosso.nom.br\/palavras\/geografia\/quantos-paises-existem-no-mundo\/\">Quantos pa\u00edses existem no mundo?<\/a><\/li><li><a href=\"https:\/\/radames.manosso.nom.br\/palavras\/geografia\/os-maiores-e-os-menores-paises-do-mundo\/\">Os maiores e os menores pa\u00edses do mundo<\/a><\/li><li><a href=\"https:\/\/radames.manosso.nom.br\/palavras\/geografia\/em-que-paises-ficam-os-1000-lugares-para-conhecer-antes-de-morrer\/\">Em que pa\u00edses ficam os 1000 lugares para conhecer antes de morrer?<\/a><\/li><li><a href=\"https:\/\/radames.manosso.nom.br\/palavras\/geografia\/os-paises-membros-de-coi-fifa-e-onu\/\">Os pa\u00edses membros de COI, FIFA, OMC, ONU e +27 organismos internacionais<\/a><\/li><li><a href=\"https:\/\/radames.manosso.nom.br\/palavras\/geografia\/a-populacao-dos-paises-do-mundo\/\">A popula\u00e7\u00e3o dos pa\u00edses do mundo<\/a><\/li><li><a href=\"https:\/\/radames.manosso.nom.br\/palavras\/geografia\/os-paises-mais-desenvolvidos-do-mundo\/\">Os pa\u00edses mais desenvolvidos do mundo<\/a><\/li><li><a href=\"https:\/\/radames.manosso.nom.br\/palavras\/geografia\/os-paises-mais-ricos-do-mundo\/\">Os pa\u00edses mais ricos do mundo<\/a><\/li><li><a href=\"https:\/\/radames.manosso.nom.br\/palavras\/geografia\/paises-do-mundo-classificados-por-regiao\/\">Pa\u00edses do mundo classificados por regi\u00e3o<\/a><\/li><\/ul>\n\n\n\n<h3 class=\"wp-block-heading\">Colecionismo<\/h3>\n\n\n\n<ul class=\"wp-block-list\"><li><a href=\"https:\/\/radames.manosso.nom.br\/palavras\/educacao\/principios-de-colecionismo\/\">Princ\u00edpios de colecionismo<\/a><\/li><li><a href=\"https:\/\/radames.manosso.nom.br\/palavras\/educacao\/colecionaveis-unicos-e-de-series-limitadas\/\">Colecion\u00e1veis \u00fanicos e de s\u00e9ries limitadas<\/a><\/li><li><a href=\"https:\/\/radames.manosso.nom.br\/palavras\/educacao\/colecionaveis-tradicionais-de-serie\/\">Colecion\u00e1veis tradicionais de s\u00e9rie<\/a><\/li><li><a href=\"https:\/\/radames.manosso.nom.br\/palavras\/educacao\/colecionaveis-modernos-de-serie\/\">Colecion\u00e1veis modernos de s\u00e9rie<\/a><\/li><li><a href=\"https:\/\/radames.manosso.nom.br\/palavras\/educacao\/colecionaveis-incomuns-de-serie\/\">Colecion\u00e1veis incomuns de s\u00e9rie<\/a><\/li><li><a href=\"https:\/\/radames.manosso.nom.br\/palavras\/educacao\/familias-de-cedulas-brasileiras-i\/\">Fam\u00edlias de c\u00e9dulas brasileiras I<\/a><\/li><li><a href=\"https:\/\/radames.manosso.nom.br\/palavras\/educacao\/familias-de-cedulas-brasileiras-ii\/\">Fam\u00edlias de c\u00e9dulas brasileiras II<\/a><\/li><li><a href=\"https:\/\/radames.manosso.nom.br\/palavras\/educacao\/familias-de-cedulas-brasileiras-iii\/\">Fam\u00edlias de c\u00e9dulas brasileiras III<\/a><\/li><li><a href=\"https:\/\/radames.manosso.nom.br\/palavras\/educacao\/familias-de-cedulas-brasileiras-iv\/\">Fam\u00edlias de c\u00e9dulas brasileiras IV<\/a><\/li><li><a href=\"https:\/\/radames.manosso.nom.br\/palavras\/educacao\/estudando-historia-com-as-cedulas-brasileiras\/\">Estudando Hist\u00f3ria com as c\u00e9dulas brasileiras<\/a><\/li><li><a href=\"https:\/\/radames.manosso.nom.br\/palavras\/educacao\/estudando-economia-com-as-cedulas-brasileiras\/\">Estudando economia com as c\u00e9dulas brasileiras<\/a><\/li><li><a href=\"https:\/\/radames.manosso.nom.br\/palavras\/educacao\/principais-cedulas-em-circulacao\/\">Principais c\u00e9dulas em circula\u00e7\u00e3o<\/a><\/li><li><a href=\"https:\/\/radames.manosso.nom.br\/palavras\/geral\/quanto-vale-uma-nota-de-um-real\/\">Quanto vale uma nota de um real?<\/a><\/li><li><a href=\"https:\/\/radames.manosso.nom.br\/palavras\/educacao\/minhas-cedulas-brasileiras-favoritas\/\">Minhas c\u00e9dulas brasileiras favoritas<\/a><\/li><li><a href=\"https:\/\/radames.manosso.nom.br\/palavras\/educacao\/moedas-circulantes-no-mundo\/\">Moedas circulantes no mundo<\/a><\/li><\/ul>\n\n\n\n<h3 class=\"wp-block-heading\">Rel\u00f3gios<\/h3>\n\n\n\n<ul class=\"wp-block-list\"><li><a href=\"https:\/\/radames.manosso.nom.br\/palavras\/comportamento\/marcas-de-relogio\/\">Marcas de rel\u00f3gio<\/a><\/li><li><a href=\"https:\/\/radames.manosso.nom.br\/palavras\/comportamento\/relogios-evolucao-tecnologias-e-usos\/\">Rel\u00f3gios: evolu\u00e7\u00e3o, tecnologias e usos<\/a><\/li><li><a href=\"https:\/\/radames.manosso.nom.br\/palavras\/comportamento\/relogios-iconicos-que-ditam-tendencias\/\">Rel\u00f3gios ic\u00f4nicos que ditam tend\u00eancias<\/a><\/li><li><a href=\"https:\/\/radames.manosso.nom.br\/palavras\/comportamento\/relogios-e-suas-complicacoes\/\">Rel\u00f3gios e suas complica\u00e7\u00f5es<\/a><\/li><li><a href=\"https:\/\/radames.manosso.nom.br\/palavras\/comportamento\/meu-relogio-para-durar-100-anos\/\">Meu rel\u00f3gio para durar 100 anos<\/a><\/li><li><a href=\"https:\/\/radames.manosso.nom.br\/palavras\/comportamento\/meus-relogios-favoritos\/\">Meus rel\u00f3gios favoritos<\/a><\/li><li><a href=\"https:\/\/radames.manosso.nom.br\/palavras\/comportamento\/relogios-de-respeito\/\">Cem rel\u00f3gios de respeito<\/a><\/li><\/ul>\n\n\n\n<h3 class=\"wp-block-heading\">Reflex\u00f5es<\/h3>\n\n\n\n<ul class=\"wp-block-list\">\n<li><a href=\"https:\/\/radames.manosso.nom.br\/palavras\/comportamento\/datas-comemorativas-em-transformacao\/\">Datas comemorativas em transforma\u00e7\u00e3o<\/a><\/li>\n\n\n\n<li><a href=\"https:\/\/radames.manosso.nom.br\/palavras\/comportamento\/o-pioramento-genetico-do-pit-bull\/\">O pioramento gen\u00e9tico do pit bull<\/a><\/li>\n\n\n\n<li><a href=\"https:\/\/radames.manosso.nom.br\/palavras\/comportamento\/preferencia-para-quem-precisa-de-preferencia\/\">Prefer\u00eancia para quem precisa de prefer\u00eancia<\/a><\/li>\n\n\n\n<li><a href=\"https:\/\/radames.manosso.nom.br\/palavras\/comportamento\/loucos-por-listas\/\">Loucos por listas<\/a><\/li>\n\n\n\n<li><a href=\"https:\/\/radames.manosso.nom.br\/palavras\/comportamento\/em-que-fase-a-lua-esta-hoje\/\">Em que fase a lua est\u00e1 hoje?<\/a><\/li>\n\n\n\n<li><a href=\"https:\/\/radames.manosso.nom.br\/palavras\/comportamento\/as-virtudes-da-ordem-alfabetica\/\">As virtudes da ordem alfab\u00e9tica<\/a><\/li>\n\n\n\n<li><a href=\"https:\/\/radames.manosso.nom.br\/palavras\/educacao\/para-que-serve-um-caderno-de-caligrafia\/\">Para que serve um caderno de caligrafia?<\/a><\/li>\n\n\n\n<li><a href=\"https:\/\/radames.manosso.nom.br\/palavras\/comportamento\/aprendi-com-um-velho-indio\/\">Aprendi com um velho \u00edndio<\/a><\/li>\n\n\n\n<li><a href=\"https:\/\/radames.manosso.nom.br\/palavras\/comportamento\/meu-museu-tecnologico-domestico\/\">Meu museu tecnol\u00f3gico dom\u00e9stico<\/a><\/li>\n\n\n\n<li><a href=\"https:\/\/radames.manosso.nom.br\/palavras\/comportamento\/reflexoes-de-um-implicante-tecnologico\/\">Reflex\u00f5es de um implicante tecnol\u00f3gico<\/a><\/li>\n\n\n\n<li><a href=\"https:\/\/radames.manosso.nom.br\/palavras\/comportamento\/quando-o-brega-se-tornar-chique\/\">Quando o brega se tornar chique<\/a><\/li>\n\n\n\n<li><a href=\"https:\/\/radames.manosso.nom.br\/palavras\/comportamento\/o-futuro-incerto-do-nosso-passado-digital\/\">O futuro incerto do nosso passado digital<\/a><\/li>\n\n\n\n<li><a href=\"https:\/\/radames.manosso.nom.br\/palavras\/geral\/saudosa-marmelada\/\">Saudosa marmelada<\/a><\/li>\n\n\n\n<li><a href=\"https:\/\/radames.manosso.nom.br\/palavras\/politica\/biografias-chapa-branca\/\">Biografias chapa-branca<\/a><\/li>\n<\/ul>\n\n\n\n<div class=\"wp-block-group\"><div class=\"wp-block-group__inner-container is-layout-constrained wp-block-group-is-layout-constrained\">\n<div class=\"wp-block-group\"><div class=\"wp-block-group__inner-container is-layout-constrained wp-block-group-is-layout-constrained\">\n<h3 class=\"wp-block-heading\">Produ\u00e7\u00e3o de conte\u00fado<\/h3>\n\n\n\n<ul class=\"wp-block-list\">\n<li><a href=\"https:\/\/radames.manosso.nom.br\/palavras\/conteudo-digital\/dicas-gerais-para-produtores-de-conteudo\/\">Dicas gerais para produtores de conte\u00fado digital<\/a><\/li>\n\n\n\n<li><a href=\"https:\/\/radames.manosso.nom.br\/palavras\/comportamento\/dicas-sinceras-para-autores-de-conteudo-digital\/\">Dicas sinceras para autores de conte\u00fado digital<\/a><\/li>\n\n\n\n<li><a href=\"https:\/\/radames.manosso.nom.br\/palavras\/conteudo-digital\/convivendo-com-o-google-ao-produzir-conteudo\/\">Convivendo com o Google ao produzir conte\u00fado<\/a><\/li>\n\n\n\n<li><a href=\"https:\/\/radames.manosso.nom.br\/palavras\/comportamento\/a-arte-de-escrever-em-tempos-de-internet\/\">A arte de escrever em tempos de Internet<\/a><\/li>\n\n\n\n<li><a href=\"https:\/\/radames.manosso.nom.br\/palavras\/conteudo-digital\/otimizacao-para-youtubers\/\">Otimiza\u00e7\u00e3o para youtubers<\/a><\/li>\n\n\n\n<li><a href=\"https:\/\/radames.manosso.nom.br\/palavras\/conteudo-digital\/otimizacao-para-sites-wordpress\/\">Otimiza\u00e7\u00e3o para sites WordPress.<\/a><\/li>\n<\/ul>\n<\/div><\/div>\n<\/div><\/div>\n\n\n\n<div class=\"wp-block-group\"><div class=\"wp-block-group__inner-container is-layout-constrained wp-block-group-is-layout-constrained\">\n<div class=\"wp-block-group\"><div class=\"wp-block-group__inner-container is-layout-constrained wp-block-group-is-layout-constrained\">\n<div class=\"wp-block-group\"><div class=\"wp-block-group__inner-container is-layout-constrained wp-block-group-is-layout-constrained\">\n<h3 class=\"wp-block-heading\">Fuga da Matrix<\/h3>\n\n\n\n<ul id=\"block-4ab13a54-6962-4a2b-ad40-dba4c34e3bea\" class=\"wp-block-list\">\n<li><a href=\"https:\/\/radames.manosso.nom.br\/palavras\/geral\/desaforismos-e-pensamentos-incorretos\/\">Desaforismos e pensamentos incorretos<\/a><\/li>\n\n\n\n<li><a href=\"https:\/\/radames.manosso.nom.br\/palavras\/comportamento\/meu-balanco-redpill\/\">Meu balan\u00e7o redpill<\/a><\/li>\n\n\n\n<li><a href=\"https:\/\/radames.manosso.nom.br\/palavras\/comportamento\/redes-sociais-e-servicos-alternativos-anti-big-techs\/\">Redes sociais e servi\u00e7os alternativos anti Big Techs<\/a><\/li>\n\n\n\n<li><a href=\"https:\/\/radames.manosso.nom.br\/palavras\/comportamento\/resistencia-ao-poder-das-big-techs\/\">Resist\u00eancia ao poder das Big Techs<\/a><\/li>\n\n\n\n<li><a href=\"https:\/\/radames.manosso.nom.br\/palavras\/comportamento\/13-motivos-para-sair-do-facebook\/\">13 motivos para sair do Facebook<\/a><\/li>\n\n\n\n<li><a href=\"https:\/\/radames.manosso.nom.br\/palavras\/comportamento\/como-nao-fazer-uma-foto-de-perfil\/\">Como n\u00e3o fazer uma foto de perfil<\/a><\/li>\n\n\n\n<li><a href=\"https:\/\/radames.manosso.nom.br\/palavras\/comportamento\/dez-habilidades-da-mulher-moderna\/\">Dez habilidades da mulher moderna<\/a><\/li>\n\n\n\n<li><a href=\"https:\/\/radames.manosso.nom.br\/palavras\/comportamento\/as-mulheres-preferem-os-inteligentes\/\">As mulheres preferem os inteligentes?<\/a><\/li>\n\n\n\n<li><a href=\"https:\/\/radames.manosso.nom.br\/palavras\/comportamento\/a-feminista-e-o-galao-de-agua-mineral\/\">O feminista e o gal\u00e3o de \u00e1gua mineral<\/a><\/li>\n\n\n\n<li><a href=\"https:\/\/radames.manosso.nom.br\/palavras\/politica\/pequeno-dicionario-politicamente-incorreto\/\">Pequeno dicion\u00e1rio politicamente incorreto<\/a><\/li>\n<\/ul>\n<\/div><\/div>\n<\/div><\/div>\n<\/div><\/div>\n","protected":false},"excerpt":{"rendered":"<p>Aqui voc\u00ea tem o \u00edndice de conte\u00fados da \u00e1rea de ideias organizados por \u00e1reas de conhecimento. Produ\u00e7\u00e3o de conte\u00fado<\/p>\n","protected":false},"author":1,"featured_media":0,"parent":0,"menu_order":0,"comment_status":"closed","ping_status":"closed","template":"","meta":{"jetpack_post_was_ever_published":false,"footnotes":""},"class_list":["post-5392","page","type-page","status-publish","hentry"],"jetpack_shortlink":"https:\/\/wp.me\/P74VxW-1oY","jetpack-related-posts":[{"id":2,"url":"https:\/\/radames.manosso.nom.br\/palavras\/sobre\/","url_meta":{"origin":5392,"position":0},"title":"Sobre","author":"Radam\u00e9s","date":"05\/09\/2014","format":false,"excerpt":"O uso do conte\u00fado deste site \u00e9 regido por uma licen\u00e7a Creative Commons que pode ser lida clicando no link abaixo. Ao utilizar algum conte\u00fado deste site, desde que em conformidade com a licen\u00e7a CC, devem ser citados os seguintes cr\u00e9ditos: Cr\u00e9ditos Produ\u00e7\u00e3o cultural de Radam\u00e9s Manosso www.radames.manosso.nom.br","rel":"","context":"Post similar","block_context":{"text":"Post similar","link":""},"img":{"alt_text":"","src":"https:\/\/i0.wp.com\/creativecommons.org\/images\/public\/somerights20.pt.png?resize=350%2C200","width":350,"height":200},"classes":[]}],"jetpack_sharing_enabled":true,"_links":{"self":[{"href":"https:\/\/radames.manosso.nom.br\/palavras\/wp-json\/wp\/v2\/pages\/5392","targetHints":{"allow":["GET"]}}],"collection":[{"href":"https:\/\/radames.manosso.nom.br\/palavras\/wp-json\/wp\/v2\/pages"}],"about":[{"href":"https:\/\/radames.manosso.nom.br\/palavras\/wp-json\/wp\/v2\/types\/page"}],"author":[{"embeddable":true,"href":"https:\/\/radames.manosso.nom.br\/palavras\/wp-json\/wp\/v2\/users\/1"}],"replies":[{"embeddable":true,"href":"https:\/\/radames.manosso.nom.br\/palavras\/wp-json\/wp\/v2\/comments?post=5392"}],"version-history":[{"count":45,"href":"https:\/\/radames.manosso.nom.br\/palavras\/wp-json\/wp\/v2\/pages\/5392\/revisions"}],"predecessor-version":[{"id":7686,"href":"https:\/\/radames.manosso.nom.br\/palavras\/wp-json\/wp\/v2\/pages\/5392\/revisions\/7686"}],"wp:attachment":[{"href":"https:\/\/radames.manosso.nom.br\/palavras\/wp-json\/wp\/v2\/media?parent=5392"}],"curies":[{"name":"wp","href":"https:\/\/api.w.org\/{rel}","templated":true}]}}